{"id":518,"date":"2025-03-12T10:31:02","date_gmt":"2025-03-12T09:31:02","guid":{"rendered":"https:\/\/isabellagreco.be\/?page_id=518"},"modified":"2025-12-01T12:41:13","modified_gmt":"2025-12-01T11:41:13","slug":"ma-team","status":"publish","type":"page","link":"https:\/\/isabellagreco.be\/index.php\/ma-team\/","title":{"rendered":"Ma team"},"content":{"rendered":"\n<p class=\"has-text-align-center\"><\/p>\n\n\n\n<!DOCTYPE html>\n<html lang=\"fr\">\n<head>\n    <meta charset=\"UTF-8\">\n    <meta name=\"viewport\" content=\"width=device-width, initial-scale=1.0\">\n    <title>Pr\u00e9sentation de l&rsquo;\u00c9quipe<\/title>\n    <link rel=\"stylesheet\" href=\"styles.css\">\n<\/head>\n<body>\n\n    <header>\n        <h1>La Team Greco<\/h1>\n        <img decoding=\"async\" src=\"http:\/\/isabellagreco.be\/wp-content\/uploads\/2025\/12\/IMG_2817-scaled.jpg\" class=\"photo-groupe\">\n        <p class=\"citation\">\u00ab\u00a0Le travail d&rsquo;\u00e9quipe, c&rsquo;est le carburant qui permet aux gens ordinaires d&rsquo;atteindre des r\u00e9sultats hors du commun.\u00a0\u00bb<\/p>\n    <\/header>\n\n    <main class=\"vertical-container\">\n\n<div class=\"membre\">\n            <img decoding=\"async\" src=\"http:\/\/isabellagreco.be\/wp-content\/uploads\/2025\/03\/PHOTO-2025-03-22-09-11-19.jpg\" alt=\"Marie Leblanc\">\n            <div class=\"text\">\n                <h2>Isabella Greco<\/h2>\n                <p class=\"fonction\">D\u00e9put\u00e9e<\/p>\n                <p class=\"description\"> Courage, sacrifice, d\u00e9termination, engagement, t\u00e9nacit\u00e9, c\u0153ur, talent, cran. Voil\u00e0 de quoi sont faites les petites filles ; au diable le sucre et les \u00e9pices. <\/p>\n <a class=\"email-link\" href=\"mailto:isabella@isabellagreco.be\">Contacter Isabella<\/a>\n            <\/div>\n        <\/div>\n        <div class=\"membre\">\n            <img decoding=\"async\" src=\"http:\/\/isabellagreco.be\/wp-content\/uploads\/2025\/03\/IMG_2378.png\" alt=\"Marie Leblanc\">\n            <div class=\"text\">\n                <h2>Jennifer Hiernaux<\/h2>\n                <p class=\"fonction\">Responsable d&rsquo;\u00e9quipe<\/p>\n                <p class=\"description\">\u00ab La vie est comme un jeu de cartes. Vous ne choisissez pas la main qu\u2019on vous donne. Vous choisissez la fa\u00e7on dont vous jouez \u00bb<\/p>\n <a class=\"email-link\" href=\"mailto:jennifer@isabellagreco.be\">Contacter Jennifer<\/a>\n            <\/div>\n        <\/div>\n\n        <div class=\"membre\">\n            <img decoding=\"async\" src=\"http:\/\/isabellagreco.be\/wp-content\/uploads\/2025\/03\/IMG_2379.png\" alt=\"Jean Dupont\">\n            <div class=\"text\">\n                <h2>Isaac Pitters<\/h2>\n                <p class=\"fonction\">Charg\u00e9 de Projet<\/p>\n                <p class=\"description\">\u00ab Tout ce que tu peux imaginer est r\u00e9el \u00bb<\/p>\n <a class=\"email-link\" href=\"mailto:isaac@isabellagreco.be\">Contacter Isaac<\/a>\n            <\/div>\n        <\/div>\n\n        <div class=\"membre\">\n            <img decoding=\"async\" src=\"http:\/\/isabellagreco.be\/wp-content\/uploads\/2025\/12\/Photo_pro_mau-1-scaled.jpg\" alt=\"Paul Martin\">\n            <div class=\"text\">\n                <h2>Maurine<\/h2>\n                <p class=\"fonction\">Charg\u00e9e de communication<\/p>\n                <p class=\"description\">\u00ab\u00a0La vie se fa\u00e7onne par l&rsquo;art et le travail acharn\u00e9.\u00a0\u00bb<\/p>\n <a class=\"email-link\" href=\"mailto:maurine@isabellagreco.be\">Contacter Maurine<\/a>\n            <\/div>\n        <\/div>\n\n        <div class=\"membre\">\n            <img decoding=\"async\" src=\"http:\/\/isabellagreco.be\/wp-content\/uploads\/2025\/03\/DSC06233-2-scaled.jpg\" alt=\"Julie Bernard\">\n            <div class=\"text\">\n                <h2>Loris De Luca<\/h2>\n                <p class=\"fonction\">Attach\u00e9 parlementaire<\/p>\n                <p class=\"description\">\u00ab\u00a0Sois le changement que tu veux voir dans le monde\u00a0\u00bb &#8211; Mahatma Gandhi<\/p>\n <a class=\"email-link\" href=\"mailto:loris@isabellagreco.be\">Contacter Loris<\/a>\n            <\/div>\n        <\/div>\n\n<\/body>\n<\/html>\n\n\n\n<p><\/p>\n","protected":false},"excerpt":{"rendered":"<p>Pr\u00e9sentation de l&rsquo;\u00c9quipe La Team Greco \u00ab\u00a0Le travail d&rsquo;\u00e9quipe, c&rsquo;est le carburant qui permet aux gens ordinaires d&rsquo;atteindre des r\u00e9sultats [&hellip;]<\/p>\n","protected":false},"author":1,"featured_media":531,"parent":0,"menu_order":0,"comment_status":"closed","ping_status":"closed","template":"","meta":{"_uag_custom_page_level_css":"","site-sidebar-layout":"no-sidebar","site-content-layout":"","ast-site-content-layout":"default","site-content-style":"default","site-sidebar-style":"default","ast-global-header-display":"","ast-banner-title-visibility":"","ast-main-header-display":"","ast-hfb-above-header-display":"","ast-hfb-below-header-display":"","ast-hfb-mobile-header-display":"","site-post-title":"disabled","ast-breadcrumbs-content":"","ast-featured-img":"disabled","footer-sml-layout":"","theme-transparent-header-meta":"","adv-header-id-meta":"","stick-header-meta":"","header-above-stick-meta":"","header-main-stick-meta":"","header-below-stick-meta":"","astra-migrate-meta-layouts":"default","ast-page-background-enabled":"default","ast-page-background-meta":{"desktop":{"background-color":"var(--ast-global-color-4)","background-image":"","background-repeat":"repeat","background-position":"center center","background-size":"auto","background-attachment":"scroll","background-type":"","background-media":"","overlay-type":"","overlay-color":"","overlay-opacity":"","overlay-gradient":""},"tablet":{"background-color":"","background-image":"","background-repeat":"repeat","background-position":"center center","background-size":"auto","background-attachment":"scroll","background-type":"","background-media":"","overlay-type":"","overlay-color":"","overlay-opacity":"","overlay-gradient":""},"mobile":{"background-color":"","background-image":"","background-repeat":"repeat","background-position":"center center","background-size":"auto","background-attachment":"scroll","background-type":"","background-media":"","overlay-type":"","overlay-color":"","overlay-opacity":"","overlay-gradient":""}},"ast-content-background-meta":{"desktop":{"background-color":"var(--ast-global-color-5)","background-image":"","background-repeat":"repeat","background-position":"center center","background-size":"auto","background-attachment":"scroll","background-type":"","background-media":"","overlay-type":"","overlay-color":"","overlay-opacity":"","overlay-gradient":""},"tablet":{"background-color":"var(--ast-global-color-5)","background-image":"","background-repeat":"repeat","background-position":"center center","background-size":"auto","background-attachment":"scroll","background-type":"","background-media":"","overlay-type":"","overlay-color":"","overlay-opacity":"","overlay-gradient":""},"mobile":{"background-color":"var(--ast-global-color-5)","background-image":"","background-repeat":"repeat","background-position":"center center","background-size":"auto","background-attachment":"scroll","background-type":"","background-media":"","overlay-type":"","overlay-color":"","overlay-opacity":"","overlay-gradient":""}},"footnotes":""},"class_list":["post-518","page","type-page","status-publish","has-post-thumbnail","hentry"],"uagb_featured_image_src":{"full":["https:\/\/isabellagreco.be\/wp-content\/uploads\/2025\/03\/DSC06511-Edit-scaled.jpg",2560,1707,false],"thumbnail":["https:\/\/isabellagreco.be\/wp-content\/uploads\/2025\/03\/DSC06511-Edit-150x150.jpg",150,150,true],"medium":["https:\/\/isabellagreco.be\/wp-content\/uploads\/2025\/03\/DSC06511-Edit-300x200.jpg",300,200,true],"medium_large":["https:\/\/isabellagreco.be\/wp-content\/uploads\/2025\/03\/DSC06511-Edit-768x512.jpg",768,512,true],"large":["https:\/\/isabellagreco.be\/wp-content\/uploads\/2025\/03\/DSC06511-Edit-1024x683.jpg",1024,683,true],"1536x1536":["https:\/\/isabellagreco.be\/wp-content\/uploads\/2025\/03\/DSC06511-Edit-1536x1024.jpg",1536,1024,true],"2048x2048":["https:\/\/isabellagreco.be\/wp-content\/uploads\/2025\/03\/DSC06511-Edit-2048x1365.jpg",2048,1365,true],"mailpoet_newsletter_max":["https:\/\/isabellagreco.be\/wp-content\/uploads\/2025\/03\/DSC06511-Edit-scaled.jpg",1320,880,false]},"uagb_author_info":{"display_name":"A.D.","author_link":"https:\/\/isabellagreco.be\/index.php\/author\/admin8852\/"},"uagb_comment_info":0,"uagb_excerpt":"Pr\u00e9sentation de l&rsquo;\u00c9quipe La Team Greco \u00ab\u00a0Le travail d&rsquo;\u00e9quipe, c&rsquo;est le carburant qui permet aux gens ordinaires d&rsquo;atteindre des r\u00e9sultats [&hellip;]","_links":{"self":[{"href":"https:\/\/isabellagreco.be\/index.php\/wp-json\/wp\/v2\/pages\/518","targetHints":{"allow":["GET"]}}],"collection":[{"href":"https:\/\/isabellagreco.be\/index.php\/wp-json\/wp\/v2\/pages"}],"about":[{"href":"https:\/\/isabellagreco.be\/index.php\/wp-json\/wp\/v2\/types\/page"}],"author":[{"embeddable":true,"href":"https:\/\/isabellagreco.be\/index.php\/wp-json\/wp\/v2\/users\/1"}],"replies":[{"embeddable":true,"href":"https:\/\/isabellagreco.be\/index.php\/wp-json\/wp\/v2\/comments?post=518"}],"version-history":[{"count":53,"href":"https:\/\/isabellagreco.be\/index.php\/wp-json\/wp\/v2\/pages\/518\/revisions"}],"predecessor-version":[{"id":818,"href":"https:\/\/isabellagreco.be\/index.php\/wp-json\/wp\/v2\/pages\/518\/revisions\/818"}],"wp:featuredmedia":[{"embeddable":true,"href":"https:\/\/isabellagreco.be\/index.php\/wp-json\/wp\/v2\/media\/531"}],"wp:attachment":[{"href":"https:\/\/isabellagreco.be\/index.php\/wp-json\/wp\/v2\/media?parent=518"}],"curies":[{"name":"wp","href":"https:\/\/api.w.org\/{rel}","templated":true}]}}