{"id":485,"date":"2025-03-11T14:23:27","date_gmt":"2025-03-11T13:23:27","guid":{"rendered":"https:\/\/isabellagreco.be\/?page_id=485"},"modified":"2025-04-03T13:29:11","modified_gmt":"2025-04-03T11:29:11","slug":"mes-priorites","status":"publish","type":"page","link":"https:\/\/isabellagreco.be\/index.php\/mes-priorites\/","title":{"rendered":"Mes combats"},"content":{"rendered":"\n<!DOCTYPE html>\n<html lang=\"fr\">\n<head>\n    <meta charset=\"UTF-8\">\n    <meta name=\"viewport\" content=\"width=device-width, initial-scale=1.0\">\n    <title>Mes Combats<\/title>\n    <link rel=\"stylesheet\" href=\"styles.css\">\n<\/head>\n<body>\n\n    <header>\n        <h1>Mes combats<\/h1>\n    <\/header>\n\n    <!-- \ud83c\udfdb\ufe0f PARTIE 1 : Combats dans les Parlements -->\n    <section class=\"interventions\">\n        <h2>\ud83c\udfdb\ufe0f Mes combats dans les parlements<\/h2>\n\n        <div class=\"parlement\">\n            <h3>\ud83c\udfdb\ufe0f F\u00e9d\u00e9ration Wallonie-Bruxelles<\/h3>\n            <ul>\n                <li>\n                    <a href=\"lien-question1.pdf\" target=\"_blank\">Question sur le cong\u00e9 de paternit\u00e9 &#8211; 12\/03\/2024<\/a>\n                    <a href=\"https:\/\/www.instagram.com\/p\/xxxxxxxx\/\" target=\"_blank\" class=\"insta-link\">\n                        <img decoding=\"async\" src=\"images\/instagram-icon.png\" alt=\"Instagram\">\n                    <\/a>\n                <\/li>\n                <li>\n                    <a href=\"lien-question2.pdf\" target=\"_blank\">Interpellation sur les violences sexistes et sexuelles &#8211; 05\/02\/2024<\/a>\n                    <a href=\"https:\/\/www.instagram.com\/p\/yyyyyyyy\/\" target=\"_blank\" class=\"insta-link\">\n                        <img decoding=\"async\" src=\"images\/instagram-icon.png\" alt=\"Instagram\">\n                    <\/a>\n                <\/li>\n            <\/ul>\n        <\/div>\n\n        <div class=\"parlement\">\n            <h3>\ud83c\udfdb\ufe0f Parlement Wallon<\/h3>\n            <ul>\n                <li>\n                    <a href=\"lien-question3.pdf\" target=\"_blank\">Interpellation sur le bien-\u00eatre animal &#8211; 20\/04\/2024<\/a>\n                    <a href=\"https:\/\/www.instagram.com\/p\/zzzzzzzz\/\" target=\"_blank\" class=\"insta-link\">\n                        <img decoding=\"async\" src=\"images\/instagram-icon.png\" alt=\"Instagram\">\n                    <\/a>\n                <\/li>\n                <li>\n                    <a href=\"lien-question4.pdf\" target=\"_blank\">Question sur la suppression des gares &#8211; 15\/03\/2024<\/a>\n                    <a href=\"https:\/\/www.instagram.com\/p\/wwwwwwww\/\" target=\"_blank\" class=\"insta-link\">\n                        <img decoding=\"async\" src=\"images\/instagram-icon.png\" alt=\"Instagram\">\n                    <\/a>\n                <\/li>\n            <\/ul>\n        <\/div>\n\n        <div class=\"parlement\">\n            <h3>\ud83c\udfd9\ufe0f Conseil Communal de Charleroi<\/h3>\n            <ul>\n                <li>\n                    <a href=\"lien-question5.pdf\" target=\"_blank\">Lutte contre les f\u00e9minicides &#8211; 10\/02\/2024<\/a>\n                    <a href=\"https:\/\/www.instagram.com\/p\/qqqqqqqq\/\" target=\"_blank\" class=\"insta-link\">\n                        <img decoding=\"async\" src=\"images\/instagram-icon.png\" alt=\"Instagram\">\n                    <\/a>\n                <\/li>\n                <li>\n                    <a href=\"lien-question6.pdf\" target=\"_blank\">Question sur la propret\u00e9 urbaine &#8211; 08\/01\/2024<\/a>\n                    <a href=\"https:\/\/www.instagram.com\/p\/rrrrrrrr\/\" target=\"_blank\" class=\"insta-link\">\n                        <img decoding=\"async\" src=\"images\/instagram-icon.png\" alt=\"Instagram\">\n                    <\/a>\n                <\/li>\n            <\/ul>\n        <\/div>\n    <\/section>\n\n    <!-- \u270a PARTIE 2 : Combats sur le terrain -->\n    <section class=\"terrain\">\n        <h2>\u270aMes combats sur le terrain<\/h2>\n        <p>\n<section style=\"max-width: 800px; margin: 50px auto; padding: 30px; font-family: 'Segoe UI', sans-serif; line-height: 1.8; background-color: #f9f9f9; border-radius: 12px; box-shadow: 0 0 15px rgba(0,0,0,0.1); text-align: center;\">\n  <p>Au-del\u00e0 des bancs du Parlement, <strong>mon engagement prend toute sa force dans la r\u00e9alit\u00e9 du quotidien des citoyen\u00b7ne\u00b7s.<\/strong><\/p>\n  \n  <p><strong>Je suis pr\u00e9sente sur le terrain<\/strong>, l\u00e0 o\u00f9 se jouent les luttes de chaque jour, l\u00e0 o\u00f9 les pr\u00e9occupations r\u00e9elles de nos concitoyen\u00b7ne\u00b7s demandent une \u00e9coute attentive et une action concr\u00e8te.<\/p>\n  \n  <p>Chaque rencontre, chaque \u00e9change me permet de <strong>comprendre davantage les d\u00e9fis<\/strong> auxquels ils\/elles font face, <strong>d&rsquo;identifier les solutions<\/strong> qu\u2019ils\/elles appellent de leurs v\u0153ux, et de d\u00e9fendre avec encore plus de conviction mes valeurs de <strong>solidarit\u00e9<\/strong> et de <strong>justice sociale<\/strong>.<\/p>\n  \n  <p><strong>Je veux incarner une v\u00e9ritable proximit\u00e9<\/strong> car c\u2019est sur le terrain, au c\u0153ur des r\u00e9alit\u00e9s locales, que je m&rsquo;engage \u00e0 transformer les paroles en actes, \u00e0 \u00eatre <strong>la porte-voix de celles et ceux qui n\u2019ont parfois ni le temps ni les moyens d&rsquo;\u00eatre entendu\u00b7e\u00b7s<\/strong>.<\/p>\n  \n  <p>Parce qu\u2019\u00e0 mes yeux, <strong>la politique, c&rsquo;est avant tout le respect des personnes<\/strong> et la construction d\u2019une soci\u00e9t\u00e9 plus solidaire, <strong>o\u00f9 chacun\u00b7e trouve sa place<\/strong>.<\/p>\n<\/section>\n<\/p>\n\n        <div class=\"actions\">\n            <div class=\"action\">\n                <img decoding=\"async\" src=\"http:\/\/isabellagreco.be\/wp-content\/uploads\/2025\/03\/photo-avec-victoir.jpg\" alt=\"Conf\u00e9rence\">\n                <h3>Cin\u00e9-d\u00e9bat sur les droits des femmes<\/h3>\n                <p>Cin\u00e9-d\u00e9bat sur le documentaire \u00ab\u00a0elles votent comme papa\u00a0\u00bb.<\/p>\n                <a href=\"https:\/\/www.instagram.com\/p\/DHT93WatJYS\/?utm_source=ig_web_copy_link&#038;igsh=MzRlODBiNWFlZA\" target=\"_blank\">Voir sur Instagram<\/a>\n            <\/div>\n\n            <div class=\"action\">\n                <img decoding=\"async\" src=\"http:\/\/isabellagreco.be\/wp-content\/uploads\/2025\/03\/DSC05314-Edit.png\" alt=\"Manifestation\">\n<img decoding=\"async\" src=\"http:\/\/isabellagreco.be\/wp-content\/uploads\/2025\/03\/DSC04898-Edit-scaled.jpg\" alt=\"8mars\">\n                <h3>Lutte contre les mesures de l&rsquo;Arizona et pour le droit des femmes<\/h3>\n                <p>Aux c\u00f4t\u00e9s des syndicats et de la soci\u00e9t\u00e9 civile.<\/p>\n                <a href=\"https:\/\/www.instagram.com\/p\/DGDDkdmNtSa\/?utm_source=ig_web_copy_link&#038;igsh=MzRlODBiNWFlZA==\" target=\"_blank\">Voir sur Instagram<\/a>\n            <\/div>\n\n            <div class=\"action\">\n                <img decoding=\"async\" src=\"http:\/\/isabellagreco.be\/wp-content\/uploads\/2025\/03\/photo-22.jpg\" alt=\"Rencontre citoyenne\">\n                <h3>Rencontre avec les citoyen\u00b7nes<\/h3>\n                <p>\u00c9change avec les habitant\u00b7es de Charleroi pour parler des pr\u00e9occupations locales et leurs besoins.<\/p>\n                <a href=\"https:\/\/www.instagram.com\/p\/DHif3E_tUZn\/?utm_source=ig_web_copy_link&#038;igsh=MzRlODBiNWFlZA\" target=\"_blank\">Voir sur Instagram<\/a>\n            <\/div>\n        <\/div>\n    <\/section>\n\n<\/body>\n<\/html>\n\n\n\n<p><\/p>\n","protected":false},"excerpt":{"rendered":"<p>Mes Combats Mes combats \ud83c\udfdb\ufe0f Mes combats dans les parlements \ud83c\udfdb\ufe0f F\u00e9d\u00e9ration Wallonie-Bruxelles Question sur le cong\u00e9 de paternit\u00e9 &#8211; [&hellip;]<\/p>\n","protected":false},"author":1,"featured_media":0,"parent":0,"menu_order":0,"comment_status":"closed","ping_status":"closed","template":"","meta":{"_uag_custom_page_level_css":"","site-sidebar-layout":"no-sidebar","site-content-layout":"","ast-site-content-layout":"full-width-container","site-content-style":"default","site-sidebar-style":"default","ast-global-header-display":"","ast-banner-title-visibility":"","ast-main-header-display":"","ast-hfb-above-header-display":"","ast-hfb-below-header-display":"","ast-hfb-mobile-header-display":"","site-post-title":"disabled","ast-breadcrumbs-content":"","ast-featured-img":"disabled","footer-sml-layout":"","theme-transparent-header-meta":"","adv-header-id-meta":"","stick-header-meta":"","header-above-stick-meta":"","header-main-stick-meta":"","header-below-stick-meta":"","astra-migrate-meta-layouts":"default","ast-page-background-enabled":"default","ast-page-background-meta":{"desktop":{"background-color":"var(--ast-global-color-4)","background-image":"","background-repeat":"repeat","background-position":"center center","background-size":"auto","background-attachment":"scroll","background-type":"","background-media":"","overlay-type":"","overlay-color":"","overlay-opacity":"","overlay-gradient":""},"tablet":{"background-color":"","background-image":"","background-repeat":"repeat","background-position":"center center","background-size":"auto","background-attachment":"scroll","background-type":"","background-media":"","overlay-type":"","overlay-color":"","overlay-opacity":"","overlay-gradient":""},"mobile":{"background-color":"","background-image":"","background-repeat":"repeat","background-position":"center center","background-size":"auto","background-attachment":"scroll","background-type":"","background-media":"","overlay-type":"","overlay-color":"","overlay-opacity":"","overlay-gradient":""}},"ast-content-background-meta":{"desktop":{"background-color":"var(--ast-global-color-5)","background-image":"","background-repeat":"repeat","background-position":"center center","background-size":"auto","background-attachment":"scroll","background-type":"","background-media":"","overlay-type":"","overlay-color":"","overlay-opacity":"","overlay-gradient":""},"tablet":{"background-color":"var(--ast-global-color-5)","background-image":"","background-repeat":"repeat","background-position":"center center","background-size":"auto","background-attachment":"scroll","background-type":"","background-media":"","overlay-type":"","overlay-color":"","overlay-opacity":"","overlay-gradient":""},"mobile":{"background-color":"var(--ast-global-color-5)","background-image":"","background-repeat":"repeat","background-position":"center center","background-size":"auto","background-attachment":"scroll","background-type":"","background-media":"","overlay-type":"","overlay-color":"","overlay-opacity":"","overlay-gradient":""}},"footnotes":""},"class_list":["post-485","page","type-page","status-publish","hentry"],"uagb_featured_image_src":{"full":false,"thumbnail":false,"medium":false,"medium_large":false,"large":false,"1536x1536":false,"2048x2048":false,"mailpoet_newsletter_max":false},"uagb_author_info":{"display_name":"A.D.","author_link":"https:\/\/isabellagreco.be\/index.php\/author\/admin8852\/"},"uagb_comment_info":0,"uagb_excerpt":"Mes Combats Mes combats \ud83c\udfdb\ufe0f Mes combats dans les parlements \ud83c\udfdb\ufe0f F\u00e9d\u00e9ration Wallonie-Bruxelles Question sur le cong\u00e9 de paternit\u00e9 &#8211; [&hellip;]","_links":{"self":[{"href":"https:\/\/isabellagreco.be\/index.php\/wp-json\/wp\/v2\/pages\/485","targetHints":{"allow":["GET"]}}],"collection":[{"href":"https:\/\/isabellagreco.be\/index.php\/wp-json\/wp\/v2\/pages"}],"about":[{"href":"https:\/\/isabellagreco.be\/index.php\/wp-json\/wp\/v2\/types\/page"}],"author":[{"embeddable":true,"href":"https:\/\/isabellagreco.be\/index.php\/wp-json\/wp\/v2\/users\/1"}],"replies":[{"embeddable":true,"href":"https:\/\/isabellagreco.be\/index.php\/wp-json\/wp\/v2\/comments?post=485"}],"version-history":[{"count":38,"href":"https:\/\/isabellagreco.be\/index.php\/wp-json\/wp\/v2\/pages\/485\/revisions"}],"predecessor-version":[{"id":756,"href":"https:\/\/isabellagreco.be\/index.php\/wp-json\/wp\/v2\/pages\/485\/revisions\/756"}],"wp:attachment":[{"href":"https:\/\/isabellagreco.be\/index.php\/wp-json\/wp\/v2\/media?parent=485"}],"curies":[{"name":"wp","href":"https:\/\/api.w.org\/{rel}","templated":true}]}}